{"id":1616,"date":"2020-03-24T18:58:24","date_gmt":"2020-03-24T18:58:24","guid":{"rendered":"https:\/\/smstrabzon.com\/?page_id=1616"},"modified":"2020-03-24T21:43:08","modified_gmt":"2020-03-24T21:43:08","slug":"anasayfa","status":"publish","type":"page","link":"https:\/\/smstrabzon.com\/","title":{"rendered":"Anasayfa"},"content":{"rendered":"<p>[vc_row][vc_column]\n\t\t\t<!-- START Slider One REVOLUTION SLIDER 6.2.1 --><p class=\"rs-p-wp-fix\"><\/p>\n\t\t\t<rs-module-wrap id=\"rev_slider_1_1_wrapper\" data-source=\"gallery\" style=\"background:transparent;padding:0;margin:0px auto;margin-top:0;margin-bottom:0;\">\n\t\t\t\t<rs-module id=\"rev_slider_1_1\" style=\"display:none;\" data-version=\"6.2.1\">\n\t\t\t\t\t<rs-slides>\n\t\t\t\t\t\t<rs-slide data-key=\"rs-2\" data-title=\"Slide\" data-anim=\"ei:d;eo:d;s:600;r:0;t:fade;sl:d;\">\n\t\t\t\t\t\t\t<img decoding=\"async\" src=\"\/\/smstrabzon.com\/wp-content\/uploads\/revslider\/slider-2-bg.jpg\" title=\"Anasayfa\" class=\"rev-slidebg\" data-no-retina>\n<!--\n\t\t\t\t\t\t\t--><rs-layer\n\t\t\t\t\t\t\t\tid=\"slider-1-slide-2-layer-1\" \n\t\t\t\t\t\t\t\tclass=\"Kroth Main Heading\"\n\t\t\t\t\t\t\t\tdata-type=\"text\"\n\t\t\t\t\t\t\t\tdata-color=\"rgba(35,35,35,1)\"\n\t\t\t\t\t\t\t\tdata-rsp_ch=\"on\"\n\t\t\t\t\t\t\t\tdata-xy=\"xo:10px,30px,-537px,-537px;y:m;yo:-100px,-100px,-69px,-69px;\"\n\t\t\t\t\t\t\t\tdata-text=\"s:48;l:55;fw:700;\"\n\t\t\t\t\t\t\t\tdata-vbility=\"t,t,f,f\"\n\t\t\t\t\t\t\t\tdata-frame_0=\"y:-50px;tp:600;\"\n\t\t\t\t\t\t\t\tdata-frame_1=\"tp:600;e:power2.inOut;st:280;sp:600;sR:280;\"\n\t\t\t\t\t\t\t\tdata-frame_999=\"st:w;sp:600;auto:true;\"\n\t\t\t\t\t\t\t\tstyle=\"z-index:5;font-family:Roboto Slab;\"\n\t\t\t\t\t\t\t>Ba\u015fl\u0131kl\u0131 Toplu SMS  <br \/>\nEn \u0130yi Fiyat \n\t\t\t\t\t\t\t<\/rs-layer><!--\n\n\t\t\t\t\t\t\t--><rs-layer\n\t\t\t\t\t\t\t\tid=\"slider-1-slide-2-layer-2\" \n\t\t\t\t\t\t\t\tclass=\"Kroth Sub-Heading\"\n\t\t\t\t\t\t\t\tdata-type=\"text\"\n\t\t\t\t\t\t\t\tdata-color=\"rgba(85,85,85,1)\"\n\t\t\t\t\t\t\t\tdata-rsp_ch=\"on\"\n\t\t\t\t\t\t\t\tdata-xy=\"x:l,l,c,c;xo:1241px,-530px,0,0;y:m;yo:17px,178px,0,0;\"\n\t\t\t\t\t\t\t\tdata-text=\"l:28;a:center;\"\n\t\t\t\t\t\t\t\tdata-vbility=\"f,f,t,t\"\n\t\t\t\t\t\t\t\tdata-frame_0=\"y:-50px;tp:600;\"\n\t\t\t\t\t\t\t\tdata-frame_1=\"tp:600;e:power2.inOut;st:580;sp:600;sR:580;\"\n\t\t\t\t\t\t\t\tdata-frame_999=\"st:w;sp:600;auto:true;\"\n\t\t\t\t\t\t\t\tstyle=\"z-index:10;font-family:Raleway;\"\n\t\t\t\t\t\t\t>Hedef kitlenize an\u0131nda ula\u015f\u0131n! <br>\nToplu SMS g\u00f6ndermek hi\u00e7 bu kadar kolay olmad\u0131. \n\t\t\t\t\t\t\t<\/rs-layer><!--\n\n\t\t\t\t\t\t\t--><rs-layer\n\t\t\t\t\t\t\t\tid=\"slider-1-slide-2-layer-3\" \n\t\t\t\t\t\t\t\tclass=\"Kroth Button rev-btn\"\n\t\t\t\t\t\t\t\tdata-type=\"button\"\n\t\t\t\t\t\t\t\tdata-color=\"rgba(255,255,255,1)\"\n\t\t\t\t\t\t\t\tdata-xy=\"x:l,l,c,c;xo:10px,30px,0,0;y:m;yo:80px,80px,80px,117px;\"\n\t\t\t\t\t\t\t\tdata-text=\"s:12;l:24;fw:700;\"\n\t\t\t\t\t\t\t\tdata-actions='o:click;a:simplelink;target:_self;url:https:\/\/login.mutlucell.com\/register\/?idbayi=gayrettek;'\n\t\t\t\t\t\t\t\tdata-rsp_bd=\"off\"\n\t\t\t\t\t\t\t\tdata-padding=\"t:12;r:25;b:12;l:25;\"\n\t\t\t\t\t\t\t\tdata-border=\"bor:3px,3px,3px,3px;\"\n\t\t\t\t\t\t\t\tdata-frame_0=\"x:-50px;tp:600;\"\n\t\t\t\t\t\t\t\tdata-frame_1=\"tp:600;e:power2.inOut;st:960;sp:600;sR:960;\"\n\t\t\t\t\t\t\t\tdata-frame_999=\"st:w;sp:600;auto:true;\"\n\t\t\t\t\t\t\t\tstyle=\"z-index:7;background-color:rgba(19,29,51,1);font-family:Raleway;cursor:pointer;outline:none;box-shadow:none;box-sizing:border-box;-moz-box-sizing:border-box;-webkit-box-sizing:border-box;\"\n\t\t\t\t\t\t\t>\u00dcCRETS\u0130Z DENE \n\t\t\t\t\t\t\t<\/rs-layer><!--\n\n\t\t\t\t\t\t\t--><rs-layer\n\t\t\t\t\t\t\t\tid=\"slider-1-slide-2-layer-4\" \n\t\t\t\t\t\t\t\tclass=\"Kroth Button rev-btn\"\n\t\t\t\t\t\t\t\tdata-type=\"button\"\n\t\t\t\t\t\t\t\tdata-color=\"rgba(35,35,35,1)\"\n\t\t\t\t\t\t\t\tdata-xy=\"x:l,l,c,c;xo:170px,200px,0,-675px;y:m;yo:80px,80px,150px,168px;\"\n\t\t\t\t\t\t\t\tdata-text=\"s:12;l:24;fw:700;\"\n\t\t\t\t\t\t\t\tdata-actions='o:click;a:simplelink;target:_self;url:https:\/\/login.mutlucell.com\/webclient\/;'\n\t\t\t\t\t\t\t\tdata-rsp_bd=\"off\"\n\t\t\t\t\t\t\t\tdata-padding=\"t:12;r:25;b:12;l:25;\"\n\t\t\t\t\t\t\t\tdata-border=\"bor:3px,3px,3px,3px;\"\n\t\t\t\t\t\t\t\tdata-frame_0=\"x:50px;tp:600;\"\n\t\t\t\t\t\t\t\tdata-frame_1=\"tp:600;e:power2.inOut;st:960;sp:600;sR:960;\"\n\t\t\t\t\t\t\t\tdata-frame_999=\"st:w;sp:600;auto:true;\"\n\t\t\t\t\t\t\t\tstyle=\"z-index:8;background-color:rgba(255,255,255,1);font-family:Raleway;cursor:pointer;outline:none;box-shadow:none;box-sizing:border-box;-moz-box-sizing:border-box;-webkit-box-sizing:border-box;\"\n\t\t\t\t\t\t\t>G\u0130R\u0130\u015e YAP \n\t\t\t\t\t\t\t<\/rs-layer><!--\n\n\t\t\t\t\t\t\t--><rs-layer\n\t\t\t\t\t\t\t\tid=\"slider-1-slide-2-layer-5\" \n\t\t\t\t\t\t\t\tclass=\"Kroth Main Heading\"\n\t\t\t\t\t\t\t\tdata-type=\"text\"\n\t\t\t\t\t\t\t\tdata-color=\"rgba(35,35,35,1)\"\n\t\t\t\t\t\t\t\tdata-rsp_ch=\"on\"\n\t\t\t\t\t\t\t\tdata-xy=\"x:l,l,c,c;xo:1236px,-514px,0,0;y:m;yo:-121px,-90px,-100px,-100px;\"\n\t\t\t\t\t\t\t\tdata-text=\"s:48;l:55;fw:700;a:center;\"\n\t\t\t\t\t\t\t\tdata-vbility=\"f,f,t,t\"\n\t\t\t\t\t\t\t\tdata-frame_0=\"y:-50px;tp:600;\"\n\t\t\t\t\t\t\t\tdata-frame_1=\"tp:600;e:power2.inOut;st:280;sp:600;sR:280;\"\n\t\t\t\t\t\t\t\tdata-frame_999=\"st:w;sp:600;auto:true;\"\n\t\t\t\t\t\t\t\tstyle=\"z-index:9;font-family:Roboto Slab;\"\n\t\t\t\t\t\t\t>Ba\u015fl\u0131kl\u0131 Toplu SMS  <br \/>\nEn \u0130yi Fiyat \n\t\t\t\t\t\t\t<\/rs-layer><!--\n\n\t\t\t\t\t\t\t--><rs-layer\n\t\t\t\t\t\t\t\tid=\"slider-1-slide-2-layer-6\" \n\t\t\t\t\t\t\t\tclass=\"Kroth Sub-Heading\"\n\t\t\t\t\t\t\t\tdata-type=\"text\"\n\t\t\t\t\t\t\t\tdata-color=\"rgba(85,85,85,1)\"\n\t\t\t\t\t\t\t\tdata-rsp_ch=\"on\"\n\t\t\t\t\t\t\t\tdata-xy=\"xo:10px,30px,-642px,-642px;y:m;yo:0,0,63px,63px;\"\n\t\t\t\t\t\t\t\tdata-text=\"l:28;\"\n\t\t\t\t\t\t\t\tdata-vbility=\"t,t,f,f\"\n\t\t\t\t\t\t\t\tdata-frame_0=\"y:-50px;tp:600;\"\n\t\t\t\t\t\t\t\tdata-frame_1=\"tp:600;e:power2.inOut;st:580;sp:600;sR:580;\"\n\t\t\t\t\t\t\t\tdata-frame_999=\"st:w;sp:600;auto:true;\"\n\t\t\t\t\t\t\t\tstyle=\"z-index:6;font-family:Raleway;\"\n\t\t\t\t\t\t\t>Hedef kitlenize an\u0131nda ula\u015f\u0131n! <br>\nToplu SMS g\u00f6ndermek hi\u00e7 bu kadar kolay olmad\u0131. \n\t\t\t\t\t\t\t<\/rs-layer><!--\n-->\t\t\t\t\t\t<\/rs-slide>\n\t\t\t\t\t<\/rs-slides>\n\t\t\t\t\t<rs-progress class=\"rs-bottom\" style=\"visibility: hidden !important;\"><\/rs-progress>\n\t\t\t\t<\/rs-module>\n\t\t\t\t<script type=\"text\/javascript\">\n\t\t\t\t\tsetREVStartSize({c: 'rev_slider_1_1',rl:[1240,1024,778,480],el:[600,600,600,600],gw:[1240,1024,778,667],gh:[600,600,600,600],type:'standard',justify:'',layout:'fullwidth',mh:\"0\"});\n\t\t\t\t\tvar\trevapi1,\n\t\t\t\t\t\ttpj;\n\t\t\t\t\tjQuery(function() {\n\t\t\t\t\t\ttpj = jQuery;\n\t\t\t\t\t\tif(tpj(\"#rev_slider_1_1\").revolution == undefined){\n\t\t\t\t\t\t\trevslider_showDoubleJqueryError(\"#rev_slider_1_1\");\n\t\t\t\t\t\t}else{\n\t\t\t\t\t\t\trevapi1 = tpj(\"#rev_slider_1_1\").show().revolution({\n\t\t\t\t\t\t\t\tjsFileLocation:\"\/\/smstrabzon.com\/wp-content\/plugins\/revslider\/public\/assets\/js\/\",\n\t\t\t\t\t\t\t\tsliderLayout:\"fullwidth\",\n\t\t\t\t\t\t\t\tvisibilityLevels:\"1240,1024,778,480\",\n\t\t\t\t\t\t\t\tgridwidth:\"1240,1024,778,667\",\n\t\t\t\t\t\t\t\tgridheight:\"600,600,600,600\",\n\t\t\t\t\t\t\t\tspinner:\"spinner0\",\n\t\t\t\t\t\t\t\teditorheight:\"600,600,600,600\",\n\t\t\t\t\t\t\t\tresponsiveLevels:\"1240,1024,778,480\",\n\t\t\t\t\t\t\t\tdisableProgressBar:\"on\",\n\t\t\t\t\t\t\t\tnavigation: {\n\t\t\t\t\t\t\t\t\tonHoverStop:false\n\t\t\t\t\t\t\t\t},\n\t\t\t\t\t\t\t\tfallbacks: {\n\t\t\t\t\t\t\t\t\tallowHTML5AutoPlayOnAndroid:true\n\t\t\t\t\t\t\t\t},\n\t\t\t\t\t\t\t});\n\t\t\t\t\t\t}\n\t\t\t\t\t\t\n\t\t\t\t\t});\n\t\t\t\t<\/script>\n\t\t\t<\/rs-module-wrap>\n\t\t\t<!-- END REVOLUTION SLIDER -->\n[\/vc_column][\/vc_row][vc_row][vc_column width=&#8221;1\/2&#8243;][vc_column_text]<\/p>\n<h2>Toplu SMS&#8217;te en y\u00fcksek kalite en uygun fiyatlar<\/h2>\n<h3>Hedef kitlenize an\u0131nda ula\u015f\u0131n!<\/h3>\n<p>Toplu SMS g\u00f6ndermek hi\u00e7 bu kadar kolay olmad\u0131. Her k\u0131sa mesaj\u0131n en az bir kere okundu\u011fu ger\u00e7e\u011fini g\u00f6z \u00f6n\u00fcne al\u0131rsak, toplu sms sistemlerinin bug\u00fcn pek \u00e7ok kitle ileti\u015fim arac\u0131n\u0131n \u00f6n\u00fcnde bir reklam ve tan\u0131t\u0131m arac\u0131 oldu\u011funu g\u00f6r\u00fcr\u00fcz. Kampanyalar\u0131n, promosyonlar\u0131n, organizasyonlar\u0131n duyurulmas\u0131, \u00f6deme ve taksit gibi hat\u0131rlatmalar\u0131n yap\u0131lmas\u0131, m\u00fc\u015fterinizin g\u00f6z\u00fcnde kalite imajin\u0131z\u0131 y\u00fckseltecek do\u011fum g\u00fcn\u00fc ya da y\u0131lba\u015f\u0131 tebri\u011fi yap\u0131lmas\u0131 toplu sms\/k\u0131sa mesaj sistemleriyle m\u00fcmk\u00fcnd\u00fcr.[\/vc_column_text][\/vc_column][vc_column width=&#8221;1\/2&#8243;][vc_column_text]<\/p>\n<h2>Kullan\u0131m Alanlar\u0131<\/h2>\n<h3>En kolay ileti\u015fim<\/h3>\n<p>Bu sistemi, Dernekler, Vak\u0131flar, Sendikalar, Siyasi Parti Te\u015fkilatlar\u0131, Meslek \u00d6rg\u00fctleri, Esnaf Odalar\u0131, Ma\u011fazac\u0131l\u0131k ve Perakende Sekt\u00f6r\u00fc, E\u011fitim Sekt\u00f6r\u00fc, Da\u011f\u0131t\u0131m Sekt\u00f6r\u00fc, Apartman ve Site Y\u00f6netimleri ve Site Y\u00f6netim \u015eirketleri, Turizm ve E\u011flence Sekt\u00f6r\u00fc, \u00dcretim Sekt\u00f6r\u00fc, Otomotiv Sekt\u00f6r\u00fc, Bankac\u0131l\u0131k ve Finans Sekt\u00f6r\u00fc, Arac\u0131 Kurumlar, Muhasebeciler, Mali M\u00fc\u015favirler, Avukatlar, Doktorlar, Hastane, Labarotuarlar, Spor Merkezleri, Spor Kul\u00fcpleri, k\u0131saca ileti\u015fimin bir zorunluluk oldu\u011fu her kurum ve sekt\u00f6r kullanabilir.[\/vc_column_text][\/vc_column][\/vc_row][vc_row][vc_column][vc_column_text]<\/p>\n<h2>Kolay Aktar\u0131m, Pratik Kullan\u0131m<\/h2>\n<p>SMS G\u00f6nderim ekran\u0131n\u0131zda binlerce numaray\u0131 kopyala yap\u0131\u015ft\u0131r yaparak i\u00e7eri aktarabilirsiniz. Text, Excel, CSV format\u0131ndaki dosyalar\u0131 i\u00e7eri aktararak buradaki listelere SMS g\u00f6nderebilirsiniz. Ki\u015filerin isimleri ile kendilerine \u00f6zel hitap edebilir, aidat, bor\u00e7, bilgi d\u00fczeltme ama\u00e7l\u0131 e-posta, telefon vs. gibi verileri dosyadan de\u011fi\u015fken olarak \u00e7a\u011f\u0131rabilirsiniz.<\/p>\n<p>\u00d6zel g\u00fcn ve haftalarda ki\u015filerin kendilerine \u00f6zel hitap ederek toplu SMS g\u00f6nderebilir, cep telefonunuzdaki rehberide g\u00f6nderim listeniz aktarabilirsiniz.<\/p>\n<p>Bir\u00e7ok sekt\u00f6r veya i\u015f kollar\u0131nda \u00f6rne\u011fin site y\u00f6netimi \u015firketleri yo\u011fun olarak SMS ile bilgilendirme yap\u0131yorlar. \u0130leri tarihli mesaj g\u00f6nderme \u00f6zelli\u011fi ile ay veya y\u0131l i\u00e7inde t\u00fcm g\u00f6nderilecek SMS leri bir kerede haz\u0131rlayarak zaman\u0131 geldi\u011finde otomatik olarak g\u00f6nderilmesini sa\u011flayabilirsiniz.[\/vc_column_text][\/vc_column][\/vc_row]<\/p>\n","protected":false},"excerpt":{"rendered":"[vc_row][vc_column][\/vc_column][\/vc_row][vc_row][vc_column width=&#8221;1\/2&#8243;][vc_column_text] Toplu SMS&#8217;te en y\u00fcksek kalite en uygun fiyatlar Hedef kitlenize an\u0131nda ula\u015f\u0131n! Toplu SMS g\u00f6ndermek hi\u00e7 bu kadar kolay olmad\u0131. Her k\u0131sa mesaj\u0131n en az bir kere okundu\u011fu ger\u00e7e\u011fini g\u00f6z \u00f6n\u00fcne al\u0131rsak, toplu sms sistemlerinin bug\u00fcn pek \u00e7ok kitle ileti\u015fim arac\u0131n\u0131n \u00f6n\u00fcnde bir reklam ve tan\u0131t\u0131m arac\u0131 oldu\u011funu g\u00f6r\u00fcr\u00fcz. Kampanyalar\u0131n, promosyonlar\u0131n, organizasyonlar\u0131n duyurulmas\u0131,[&#8230;]","protected":false},"author":1,"featured_media":0,"parent":0,"menu_order":0,"comment_status":"closed","ping_status":"closed","template":"","meta":{"footnotes":""},"yoast_head":"<!-- This site is optimized with the Yoast SEO plugin v22.7 - https:\/\/yoast.com\/wordpress\/plugins\/seo\/ -->\n<title>Anasayfa - SMS Trabzon<\/title>\n<meta name=\"description\" content=\"G\u00f6nderdi\u011finiz ba\u015fl\u0131kl\u0131 SMS&#039;ler ortalama 5 sn. i\u00e7erisinde sorunsuz bir \u015fekilde yerine ula\u015f\u0131r. Detayl\u0131 raporlama ile g\u00f6nderilen Toplu SMS paketlerinin yerine ula\u015f\u0131p ula\u015fmad\u0131\u011f\u0131n\u0131 an\u0131nda kontrol edebilirsiniz. Yerine ula\u015fmayan,ba\u015far\u0131s\u0131z olan veya zaman a\u015f\u0131m\u0131na u\u011frayan SMS&#039;ler i\u00e7in kredi iadesi an\u0131nda yap\u0131l\u0131r.\" \/>\n<meta name=\"robots\" content=\"index, follow, max-snippet:-1, max-image-preview:large, max-video-preview:-1\" \/>\n<link rel=\"canonical\" href=\"https:\/\/smstrabzon.com\/\" \/>\n<meta property=\"og:locale\" content=\"tr_TR\" \/>\n<meta property=\"og:type\" content=\"article\" \/>\n<meta property=\"og:title\" content=\"Anasayfa - SMS Trabzon\" \/>\n<meta property=\"og:description\" content=\"G\u00f6nderdi\u011finiz ba\u015fl\u0131kl\u0131 SMS&#039;ler ortalama 5 sn. i\u00e7erisinde sorunsuz bir \u015fekilde yerine ula\u015f\u0131r. Detayl\u0131 raporlama ile g\u00f6nderilen Toplu SMS paketlerinin yerine ula\u015f\u0131p ula\u015fmad\u0131\u011f\u0131n\u0131 an\u0131nda kontrol edebilirsiniz. Yerine ula\u015fmayan,ba\u015far\u0131s\u0131z olan veya zaman a\u015f\u0131m\u0131na u\u011frayan SMS&#039;ler i\u00e7in kredi iadesi an\u0131nda yap\u0131l\u0131r.\" \/>\n<meta property=\"og:url\" content=\"https:\/\/smstrabzon.com\/\" \/>\n<meta property=\"og:site_name\" content=\"SMS Trabzon\" \/>\n<meta property=\"article:modified_time\" content=\"2020-03-24T21:43:08+00:00\" \/>\n<meta name=\"twitter:card\" content=\"summary_large_image\" \/>\n<meta name=\"twitter:label1\" content=\"Tahmini okuma s\u00fcresi\" \/>\n\t<meta name=\"twitter:data1\" content=\"2 dakika\" \/>\n<script type=\"application\/ld+json\" class=\"yoast-schema-graph\">{\"@context\":\"https:\/\/schema.org\",\"@graph\":[{\"@type\":\"WebPage\",\"@id\":\"https:\/\/smstrabzon.com\/\",\"url\":\"https:\/\/smstrabzon.com\/\",\"name\":\"Anasayfa - SMS Trabzon\",\"isPartOf\":{\"@id\":\"https:\/\/smstrabzon.com\/#website\"},\"datePublished\":\"2020-03-24T18:58:24+00:00\",\"dateModified\":\"2020-03-24T21:43:08+00:00\",\"description\":\"G\u00f6nderdi\u011finiz ba\u015fl\u0131kl\u0131 SMS'ler ortalama 5 sn. i\u00e7erisinde sorunsuz bir \u015fekilde yerine ula\u015f\u0131r. Detayl\u0131 raporlama ile g\u00f6nderilen Toplu SMS paketlerinin yerine ula\u015f\u0131p ula\u015fmad\u0131\u011f\u0131n\u0131 an\u0131nda kontrol edebilirsiniz. Yerine ula\u015fmayan,ba\u015far\u0131s\u0131z olan veya zaman a\u015f\u0131m\u0131na u\u011frayan SMS'ler i\u00e7in kredi iadesi an\u0131nda yap\u0131l\u0131r.\",\"breadcrumb\":{\"@id\":\"https:\/\/smstrabzon.com\/#breadcrumb\"},\"inLanguage\":\"tr\",\"potentialAction\":[{\"@type\":\"ReadAction\",\"target\":[\"https:\/\/smstrabzon.com\/\"]}]},{\"@type\":\"BreadcrumbList\",\"@id\":\"https:\/\/smstrabzon.com\/#breadcrumb\",\"itemListElement\":[{\"@type\":\"ListItem\",\"position\":1,\"name\":\"Ana sayfa\",\"item\":\"https:\/\/smstrabzon.com\/\"},{\"@type\":\"ListItem\",\"position\":2,\"name\":\"Anasayfa\"}]},{\"@type\":\"WebSite\",\"@id\":\"https:\/\/smstrabzon.com\/#website\",\"url\":\"https:\/\/smstrabzon.com\/\",\"name\":\"SMS Trabzon\",\"description\":\"Toplu SMS G\u00f6nderim Sistemi\",\"publisher\":{\"@id\":\"https:\/\/smstrabzon.com\/#organization\"},\"potentialAction\":[{\"@type\":\"SearchAction\",\"target\":{\"@type\":\"EntryPoint\",\"urlTemplate\":\"https:\/\/smstrabzon.com\/?s={search_term_string}\"},\"query-input\":\"required name=search_term_string\"}],\"inLanguage\":\"tr\"},{\"@type\":\"Organization\",\"@id\":\"https:\/\/smstrabzon.com\/#organization\",\"name\":\"SMS Trabzon\",\"url\":\"https:\/\/smstrabzon.com\/\",\"logo\":{\"@type\":\"ImageObject\",\"inLanguage\":\"tr\",\"@id\":\"https:\/\/smstrabzon.com\/#\/schema\/logo\/image\/\",\"url\":\"https:\/\/smstrabzon.com\/wp-content\/uploads\/2020\/03\/logo.png\",\"contentUrl\":\"https:\/\/smstrabzon.com\/wp-content\/uploads\/2020\/03\/logo.png\",\"width\":300,\"height\":70,\"caption\":\"SMS Trabzon\"},\"image\":{\"@id\":\"https:\/\/smstrabzon.com\/#\/schema\/logo\/image\/\"}}]}<\/script>\n<!-- \/ Yoast SEO plugin. -->","yoast_head_json":{"title":"Anasayfa - SMS Trabzon","description":"G\u00f6nderdi\u011finiz ba\u015fl\u0131kl\u0131 SMS'ler ortalama 5 sn. i\u00e7erisinde sorunsuz bir \u015fekilde yerine ula\u015f\u0131r. Detayl\u0131 raporlama ile g\u00f6nderilen Toplu SMS paketlerinin yerine ula\u015f\u0131p ula\u015fmad\u0131\u011f\u0131n\u0131 an\u0131nda kontrol edebilirsiniz. Yerine ula\u015fmayan,ba\u015far\u0131s\u0131z olan veya zaman a\u015f\u0131m\u0131na u\u011frayan SMS'ler i\u00e7in kredi iadesi an\u0131nda yap\u0131l\u0131r.","robots":{"index":"index","follow":"follow","max-snippet":"max-snippet:-1","max-image-preview":"max-image-preview:large","max-video-preview":"max-video-preview:-1"},"canonical":"https:\/\/smstrabzon.com\/","og_locale":"tr_TR","og_type":"article","og_title":"Anasayfa - SMS Trabzon","og_description":"G\u00f6nderdi\u011finiz ba\u015fl\u0131kl\u0131 SMS'ler ortalama 5 sn. i\u00e7erisinde sorunsuz bir \u015fekilde yerine ula\u015f\u0131r. Detayl\u0131 raporlama ile g\u00f6nderilen Toplu SMS paketlerinin yerine ula\u015f\u0131p ula\u015fmad\u0131\u011f\u0131n\u0131 an\u0131nda kontrol edebilirsiniz. Yerine ula\u015fmayan,ba\u015far\u0131s\u0131z olan veya zaman a\u015f\u0131m\u0131na u\u011frayan SMS'ler i\u00e7in kredi iadesi an\u0131nda yap\u0131l\u0131r.","og_url":"https:\/\/smstrabzon.com\/","og_site_name":"SMS Trabzon","article_modified_time":"2020-03-24T21:43:08+00:00","twitter_card":"summary_large_image","twitter_misc":{"Tahmini okuma s\u00fcresi":"2 dakika"},"schema":{"@context":"https:\/\/schema.org","@graph":[{"@type":"WebPage","@id":"https:\/\/smstrabzon.com\/","url":"https:\/\/smstrabzon.com\/","name":"Anasayfa - SMS Trabzon","isPartOf":{"@id":"https:\/\/smstrabzon.com\/#website"},"datePublished":"2020-03-24T18:58:24+00:00","dateModified":"2020-03-24T21:43:08+00:00","description":"G\u00f6nderdi\u011finiz ba\u015fl\u0131kl\u0131 SMS'ler ortalama 5 sn. i\u00e7erisinde sorunsuz bir \u015fekilde yerine ula\u015f\u0131r. Detayl\u0131 raporlama ile g\u00f6nderilen Toplu SMS paketlerinin yerine ula\u015f\u0131p ula\u015fmad\u0131\u011f\u0131n\u0131 an\u0131nda kontrol edebilirsiniz. Yerine ula\u015fmayan,ba\u015far\u0131s\u0131z olan veya zaman a\u015f\u0131m\u0131na u\u011frayan SMS'ler i\u00e7in kredi iadesi an\u0131nda yap\u0131l\u0131r.","breadcrumb":{"@id":"https:\/\/smstrabzon.com\/#breadcrumb"},"inLanguage":"tr","potentialAction":[{"@type":"ReadAction","target":["https:\/\/smstrabzon.com\/"]}]},{"@type":"BreadcrumbList","@id":"https:\/\/smstrabzon.com\/#breadcrumb","itemListElement":[{"@type":"ListItem","position":1,"name":"Ana sayfa","item":"https:\/\/smstrabzon.com\/"},{"@type":"ListItem","position":2,"name":"Anasayfa"}]},{"@type":"WebSite","@id":"https:\/\/smstrabzon.com\/#website","url":"https:\/\/smstrabzon.com\/","name":"SMS Trabzon","description":"Toplu SMS G\u00f6nderim Sistemi","publisher":{"@id":"https:\/\/smstrabzon.com\/#organization"},"potentialAction":[{"@type":"SearchAction","target":{"@type":"EntryPoint","urlTemplate":"https:\/\/smstrabzon.com\/?s={search_term_string}"},"query-input":"required name=search_term_string"}],"inLanguage":"tr"},{"@type":"Organization","@id":"https:\/\/smstrabzon.com\/#organization","name":"SMS Trabzon","url":"https:\/\/smstrabzon.com\/","logo":{"@type":"ImageObject","inLanguage":"tr","@id":"https:\/\/smstrabzon.com\/#\/schema\/logo\/image\/","url":"https:\/\/smstrabzon.com\/wp-content\/uploads\/2020\/03\/logo.png","contentUrl":"https:\/\/smstrabzon.com\/wp-content\/uploads\/2020\/03\/logo.png","width":300,"height":70,"caption":"SMS Trabzon"},"image":{"@id":"https:\/\/smstrabzon.com\/#\/schema\/logo\/image\/"}}]}},"_links":{"self":[{"href":"https:\/\/smstrabzon.com\/index.php\/wp-json\/wp\/v2\/pages\/1616"}],"collection":[{"href":"https:\/\/smstrabzon.com\/index.php\/wp-json\/wp\/v2\/pages"}],"about":[{"href":"https:\/\/smstrabzon.com\/index.php\/wp-json\/wp\/v2\/types\/page"}],"author":[{"embeddable":true,"href":"https:\/\/smstrabzon.com\/index.php\/wp-json\/wp\/v2\/users\/1"}],"replies":[{"embeddable":true,"href":"https:\/\/smstrabzon.com\/index.php\/wp-json\/wp\/v2\/comments?post=1616"}],"version-history":[{"count":5,"href":"https:\/\/smstrabzon.com\/index.php\/wp-json\/wp\/v2\/pages\/1616\/revisions"}],"predecessor-version":[{"id":1650,"href":"https:\/\/smstrabzon.com\/index.php\/wp-json\/wp\/v2\/pages\/1616\/revisions\/1650"}],"wp:attachment":[{"href":"https:\/\/smstrabzon.com\/index.php\/wp-json\/wp\/v2\/media?parent=1616"}],"curies":[{"name":"wp","href":"https:\/\/api.w.org\/{rel}","templated":true}]}}