{"id":1625,"date":"2020-03-24T20:24:44","date_gmt":"2020-03-24T20:24:44","guid":{"rendered":"https:\/\/smstrabzon.com\/?page_id=1625"},"modified":"2024-04-15T10:21:52","modified_gmt":"2024-04-15T10:21:52","slug":"sms-fiyat-tarifesi","status":"publish","type":"page","link":"https:\/\/smstrabzon.com\/index.php\/sms-fiyat-tarifesi\/","title":{"rendered":"SMS Fiyat Tarifesi"},"content":{"rendered":"<p>[vc_row][vc_column][vc_column_text]SMS Trabzon ile Toplu SMS ile internetin oldu\u011fu her yerden SMS g\u00f6nderebilirsiniz. Kurumsal SMS, Ba\u015fl\u0131kl\u0131 SMS ve t\u00fcm SMS fiyatlar\u0131 detaylar\u0131n\u0131 sitemizden inceleyebilirsiniz. SMS Trabzon ile Toplu SMS Ucuz SMS demektir.[\/vc_column_text][\/vc_column][vc_column][vc_column_text]<b>SMS Trabzon Toplu SMS ile internetin oldu\u011fu her yerden KULLANICI G\u0130R\u0130\u015e\u0130 yaparak SMS g\u00f6nderebilirsiniz.<\/b><\/p>\n<p>G\u00f6nderdi\u011finiz SMS&#8217;ler ortalama 5 sn. i\u00e7erisinde sorunsuz bir \u015fekilde yerine ula\u015f\u0131r. Detayl\u0131 raporlama ile g\u00f6nderilen Toplu SMS paketlerinin yerine ula\u015f\u0131p ula\u015fmad\u0131\u011f\u0131n\u0131 an\u0131nda kontrol edebilirsiniz. Yerine ula\u015fmayan,ba\u015far\u0131s\u0131z olan veya zaman a\u015f\u0131m\u0131na u\u011frayan SMS&#8217;ler i\u00e7in kredi iadesi an\u0131nda yap\u0131l\u0131r.<\/p>\n<p>Mobil uygulamalar\u0131m\u0131z ile cep telefonunuzdan da Toplu SMS g\u00f6nderimi yapabilir, g\u00f6nderim raporlar\u0131n\u0131z\u0131 kontrol edebilirsiniz.Kredi kart\u0131 ile 7\/24 kredi al\u0131m\u0131 yapabilir, sat\u0131n ald\u0131\u011f\u0131n\u0131z kredileri an\u0131nda kullanabilirsiniz.<\/p>\n<p>Toplu SMS g\u00f6nderimini, ISO-27001 bilgi g\u00fcvenli\u011fi sertifikas\u0131 onayl\u0131 t\u00fcm sistemlerimizden t\u00fcm operat\u00f6rlerle kurulan direk ba\u011flant\u0131 sayesinde daha g\u00fcvenli ve h\u0131zl\u0131 bir \u015fekilde yapabilirsiniz.<\/p>\n<p>\u00c7ift y\u00f6nl\u00fc SMS ile Toplu SMS g\u00f6nderdi\u011finiz ki\u015filer ile do\u011frudan ileti\u015fime ge\u00e7ebilirsiniz. SMS Trabzon Toplu SMS mod\u00fcl\u00fcn\u00fc kendi kodlar\u0131n\u0131za entegre ederek uygulaman\u0131z i\u00e7erisinden SMS g\u00f6nderimi yapabilir veya abone numaran\u0131za g\u00f6nderilen SMS&#8217;leri alabilirsiniz.[\/vc_column_text][\/vc_column][\/vc_row][vc_row][vc_column][vc_column_text css_animation=&#8221;bounceInDown&#8221;]<\/p>\n<p style=\"text-align: center;\">1.000 SMS\u00a0 \u00a0&#8211;\u00a0 \u00a0<strong>G\u00fcncel Fiyat \u0130\u00e7in L\u00fctfen Ula\u015f\u0131n<\/strong><\/p>\n<p style=\"text-align: center;\">2.500 SMS\u00a0 \u00a0&#8211;\u00a0 <strong>\u00a0G\u00fcncel Fiyat \u0130\u00e7in L\u00fctfen Ula\u015f\u0131n<\/strong><\/p>\n<p style=\"text-align: center;\">5.000 SMS\u00a0 \u00a0&#8211;\u00a0 \u00a0<strong>G\u00fcncel Fiyat \u0130\u00e7in L\u00fctfen Ula\u015f\u0131n<\/strong><\/p>\n<p style=\"text-align: center;\">10.000 SMS\u00a0 \u00a0&#8211;\u00a0 \u00a0<strong>G\u00fcncel Fiyat \u0130\u00e7in L\u00fctfen Ula\u015f\u0131n<\/strong><\/p>\n<p style=\"text-align: center;\">25.000 SMS\u00a0 \u00a0&#8211;\u00a0 \u00a0<strong>G\u00fcncel Fiyat \u0130\u00e7in L\u00fctfen Ula\u015f\u0131n<\/strong><\/p>\n<p style=\"text-align: center;\">50.000 SMS\u00a0 \u00a0&#8211;\u00a0 \u00a0<strong>G\u00fcncel Fiyat \u0130\u00e7in L\u00fctfen Ula\u015f\u0131n<\/strong><\/p>\n<p style=\"text-align: center;\">100.000 SMS\u00a0 \u00a0&#8211;\u00a0 \u00a0<strong>G\u00fcncel Fiyat \u0130\u00e7in L\u00fctfen Ula\u015f\u0131n<\/strong><\/p>\n<p style=\"text-align: center;\"><em>100.000 SMS ve \u00fczeri i\u00e7in l\u00fctfen bize ula\u015farak fiyat al\u0131n\u0131z.<\/em><\/p>\n<p>[\/vc_column_text][\/vc_column][\/vc_row]<\/p>\n","protected":false},"excerpt":{"rendered":"[vc_row][vc_column][vc_column_text]SMS Trabzon ile Toplu SMS ile internetin oldu\u011fu her yerden SMS g\u00f6nderebilirsiniz. Kurumsal SMS, Ba\u015fl\u0131kl\u0131 SMS ve t\u00fcm SMS fiyatlar\u0131 detaylar\u0131n\u0131 sitemizden inceleyebilirsiniz. SMS Trabzon ile Toplu SMS Ucuz SMS demektir.[\/vc_column_text][\/vc_column][vc_column][vc_column_text]SMS Trabzon Toplu SMS ile internetin oldu\u011fu her yerden KULLANICI G\u0130R\u0130\u015e\u0130 yaparak SMS g\u00f6nderebilirsiniz. G\u00f6nderdi\u011finiz SMS&#8217;ler ortalama 5 sn. i\u00e7erisinde sorunsuz bir \u015fekilde yerine ula\u015f\u0131r.[&#8230;]","protected":false},"author":1,"featured_media":0,"parent":0,"menu_order":0,"comment_status":"closed","ping_status":"closed","template":"","meta":{"footnotes":""},"yoast_head":"<!-- This site is optimized with the Yoast SEO plugin v22.7 - https:\/\/yoast.com\/wordpress\/plugins\/seo\/ -->\n<title>SMS Fiyat Tarifesi - SMS Trabzon<\/title>\n<meta name=\"description\" content=\"G\u00f6nderdi\u011finiz ba\u015fl\u0131kl\u0131 SMS&#039;ler ortalama 5 sn. i\u00e7erisinde sorunsuz bir \u015fekilde yerine ula\u015f\u0131r. Detayl\u0131 raporlama ile g\u00f6nderilen Toplu SMS paketlerinin yerine ula\u015f\u0131p ula\u015fmad\u0131\u011f\u0131n\u0131 an\u0131nda kontrol edebilirsiniz. Yerine ula\u015fmayan,ba\u015far\u0131s\u0131z olan veya zaman a\u015f\u0131m\u0131na u\u011frayan SMS&#039;ler i\u00e7in kredi iadesi an\u0131nda yap\u0131l\u0131r.\" \/>\n<meta name=\"robots\" content=\"index, follow, max-snippet:-1, max-image-preview:large, max-video-preview:-1\" \/>\n<link rel=\"canonical\" href=\"https:\/\/smstrabzon.com\/index.php\/sms-fiyat-tarifesi\/\" \/>\n<meta property=\"og:locale\" content=\"tr_TR\" \/>\n<meta property=\"og:type\" content=\"article\" \/>\n<meta property=\"og:title\" content=\"SMS Fiyat Tarifesi - SMS Trabzon\" \/>\n<meta property=\"og:description\" content=\"G\u00f6nderdi\u011finiz ba\u015fl\u0131kl\u0131 SMS&#039;ler ortalama 5 sn. i\u00e7erisinde sorunsuz bir \u015fekilde yerine ula\u015f\u0131r. Detayl\u0131 raporlama ile g\u00f6nderilen Toplu SMS paketlerinin yerine ula\u015f\u0131p ula\u015fmad\u0131\u011f\u0131n\u0131 an\u0131nda kontrol edebilirsiniz. Yerine ula\u015fmayan,ba\u015far\u0131s\u0131z olan veya zaman a\u015f\u0131m\u0131na u\u011frayan SMS&#039;ler i\u00e7in kredi iadesi an\u0131nda yap\u0131l\u0131r.\" \/>\n<meta property=\"og:url\" content=\"https:\/\/smstrabzon.com\/index.php\/sms-fiyat-tarifesi\/\" \/>\n<meta property=\"og:site_name\" content=\"SMS Trabzon\" \/>\n<meta property=\"article:modified_time\" content=\"2024-04-15T10:21:52+00:00\" \/>\n<meta name=\"twitter:card\" content=\"summary_large_image\" \/>\n<meta name=\"twitter:label1\" content=\"Tahmini okuma s\u00fcresi\" \/>\n\t<meta name=\"twitter:data1\" content=\"2 dakika\" \/>\n<script type=\"application\/ld+json\" class=\"yoast-schema-graph\">{\"@context\":\"https:\/\/schema.org\",\"@graph\":[{\"@type\":\"WebPage\",\"@id\":\"https:\/\/smstrabzon.com\/index.php\/sms-fiyat-tarifesi\/\",\"url\":\"https:\/\/smstrabzon.com\/index.php\/sms-fiyat-tarifesi\/\",\"name\":\"SMS Fiyat Tarifesi - SMS Trabzon\",\"isPartOf\":{\"@id\":\"https:\/\/smstrabzon.com\/#website\"},\"datePublished\":\"2020-03-24T20:24:44+00:00\",\"dateModified\":\"2024-04-15T10:21:52+00:00\",\"description\":\"G\u00f6nderdi\u011finiz ba\u015fl\u0131kl\u0131 SMS'ler ortalama 5 sn. i\u00e7erisinde sorunsuz bir \u015fekilde yerine ula\u015f\u0131r. Detayl\u0131 raporlama ile g\u00f6nderilen Toplu SMS paketlerinin yerine ula\u015f\u0131p ula\u015fmad\u0131\u011f\u0131n\u0131 an\u0131nda kontrol edebilirsiniz. Yerine ula\u015fmayan,ba\u015far\u0131s\u0131z olan veya zaman a\u015f\u0131m\u0131na u\u011frayan SMS'ler i\u00e7in kredi iadesi an\u0131nda yap\u0131l\u0131r.\",\"breadcrumb\":{\"@id\":\"https:\/\/smstrabzon.com\/index.php\/sms-fiyat-tarifesi\/#breadcrumb\"},\"inLanguage\":\"tr\",\"potentialAction\":[{\"@type\":\"ReadAction\",\"target\":[\"https:\/\/smstrabzon.com\/index.php\/sms-fiyat-tarifesi\/\"]}]},{\"@type\":\"BreadcrumbList\",\"@id\":\"https:\/\/smstrabzon.com\/index.php\/sms-fiyat-tarifesi\/#breadcrumb\",\"itemListElement\":[{\"@type\":\"ListItem\",\"position\":1,\"name\":\"Ana sayfa\",\"item\":\"https:\/\/smstrabzon.com\/\"},{\"@type\":\"ListItem\",\"position\":2,\"name\":\"SMS Fiyat Tarifesi\"}]},{\"@type\":\"WebSite\",\"@id\":\"https:\/\/smstrabzon.com\/#website\",\"url\":\"https:\/\/smstrabzon.com\/\",\"name\":\"SMS Trabzon\",\"description\":\"Toplu SMS G\u00f6nderim Sistemi\",\"publisher\":{\"@id\":\"https:\/\/smstrabzon.com\/#organization\"},\"potentialAction\":[{\"@type\":\"SearchAction\",\"target\":{\"@type\":\"EntryPoint\",\"urlTemplate\":\"https:\/\/smstrabzon.com\/?s={search_term_string}\"},\"query-input\":\"required name=search_term_string\"}],\"inLanguage\":\"tr\"},{\"@type\":\"Organization\",\"@id\":\"https:\/\/smstrabzon.com\/#organization\",\"name\":\"SMS Trabzon\",\"url\":\"https:\/\/smstrabzon.com\/\",\"logo\":{\"@type\":\"ImageObject\",\"inLanguage\":\"tr\",\"@id\":\"https:\/\/smstrabzon.com\/#\/schema\/logo\/image\/\",\"url\":\"https:\/\/smstrabzon.com\/wp-content\/uploads\/2020\/03\/logo.png\",\"contentUrl\":\"https:\/\/smstrabzon.com\/wp-content\/uploads\/2020\/03\/logo.png\",\"width\":300,\"height\":70,\"caption\":\"SMS Trabzon\"},\"image\":{\"@id\":\"https:\/\/smstrabzon.com\/#\/schema\/logo\/image\/\"}}]}<\/script>\n<!-- \/ Yoast SEO plugin. -->","yoast_head_json":{"title":"SMS Fiyat Tarifesi - SMS Trabzon","description":"G\u00f6nderdi\u011finiz ba\u015fl\u0131kl\u0131 SMS'ler ortalama 5 sn. i\u00e7erisinde sorunsuz bir \u015fekilde yerine ula\u015f\u0131r. Detayl\u0131 raporlama ile g\u00f6nderilen Toplu SMS paketlerinin yerine ula\u015f\u0131p ula\u015fmad\u0131\u011f\u0131n\u0131 an\u0131nda kontrol edebilirsiniz. Yerine ula\u015fmayan,ba\u015far\u0131s\u0131z olan veya zaman a\u015f\u0131m\u0131na u\u011frayan SMS'ler i\u00e7in kredi iadesi an\u0131nda yap\u0131l\u0131r.","robots":{"index":"index","follow":"follow","max-snippet":"max-snippet:-1","max-image-preview":"max-image-preview:large","max-video-preview":"max-video-preview:-1"},"canonical":"https:\/\/smstrabzon.com\/index.php\/sms-fiyat-tarifesi\/","og_locale":"tr_TR","og_type":"article","og_title":"SMS Fiyat Tarifesi - SMS Trabzon","og_description":"G\u00f6nderdi\u011finiz ba\u015fl\u0131kl\u0131 SMS'ler ortalama 5 sn. i\u00e7erisinde sorunsuz bir \u015fekilde yerine ula\u015f\u0131r. Detayl\u0131 raporlama ile g\u00f6nderilen Toplu SMS paketlerinin yerine ula\u015f\u0131p ula\u015fmad\u0131\u011f\u0131n\u0131 an\u0131nda kontrol edebilirsiniz. Yerine ula\u015fmayan,ba\u015far\u0131s\u0131z olan veya zaman a\u015f\u0131m\u0131na u\u011frayan SMS'ler i\u00e7in kredi iadesi an\u0131nda yap\u0131l\u0131r.","og_url":"https:\/\/smstrabzon.com\/index.php\/sms-fiyat-tarifesi\/","og_site_name":"SMS Trabzon","article_modified_time":"2024-04-15T10:21:52+00:00","twitter_card":"summary_large_image","twitter_misc":{"Tahmini okuma s\u00fcresi":"2 dakika"},"schema":{"@context":"https:\/\/schema.org","@graph":[{"@type":"WebPage","@id":"https:\/\/smstrabzon.com\/index.php\/sms-fiyat-tarifesi\/","url":"https:\/\/smstrabzon.com\/index.php\/sms-fiyat-tarifesi\/","name":"SMS Fiyat Tarifesi - SMS Trabzon","isPartOf":{"@id":"https:\/\/smstrabzon.com\/#website"},"datePublished":"2020-03-24T20:24:44+00:00","dateModified":"2024-04-15T10:21:52+00:00","description":"G\u00f6nderdi\u011finiz ba\u015fl\u0131kl\u0131 SMS'ler ortalama 5 sn. i\u00e7erisinde sorunsuz bir \u015fekilde yerine ula\u015f\u0131r. Detayl\u0131 raporlama ile g\u00f6nderilen Toplu SMS paketlerinin yerine ula\u015f\u0131p ula\u015fmad\u0131\u011f\u0131n\u0131 an\u0131nda kontrol edebilirsiniz. Yerine ula\u015fmayan,ba\u015far\u0131s\u0131z olan veya zaman a\u015f\u0131m\u0131na u\u011frayan SMS'ler i\u00e7in kredi iadesi an\u0131nda yap\u0131l\u0131r.","breadcrumb":{"@id":"https:\/\/smstrabzon.com\/index.php\/sms-fiyat-tarifesi\/#breadcrumb"},"inLanguage":"tr","potentialAction":[{"@type":"ReadAction","target":["https:\/\/smstrabzon.com\/index.php\/sms-fiyat-tarifesi\/"]}]},{"@type":"BreadcrumbList","@id":"https:\/\/smstrabzon.com\/index.php\/sms-fiyat-tarifesi\/#breadcrumb","itemListElement":[{"@type":"ListItem","position":1,"name":"Ana sayfa","item":"https:\/\/smstrabzon.com\/"},{"@type":"ListItem","position":2,"name":"SMS Fiyat Tarifesi"}]},{"@type":"WebSite","@id":"https:\/\/smstrabzon.com\/#website","url":"https:\/\/smstrabzon.com\/","name":"SMS Trabzon","description":"Toplu SMS G\u00f6nderim Sistemi","publisher":{"@id":"https:\/\/smstrabzon.com\/#organization"},"potentialAction":[{"@type":"SearchAction","target":{"@type":"EntryPoint","urlTemplate":"https:\/\/smstrabzon.com\/?s={search_term_string}"},"query-input":"required name=search_term_string"}],"inLanguage":"tr"},{"@type":"Organization","@id":"https:\/\/smstrabzon.com\/#organization","name":"SMS Trabzon","url":"https:\/\/smstrabzon.com\/","logo":{"@type":"ImageObject","inLanguage":"tr","@id":"https:\/\/smstrabzon.com\/#\/schema\/logo\/image\/","url":"https:\/\/smstrabzon.com\/wp-content\/uploads\/2020\/03\/logo.png","contentUrl":"https:\/\/smstrabzon.com\/wp-content\/uploads\/2020\/03\/logo.png","width":300,"height":70,"caption":"SMS Trabzon"},"image":{"@id":"https:\/\/smstrabzon.com\/#\/schema\/logo\/image\/"}}]}},"_links":{"self":[{"href":"https:\/\/smstrabzon.com\/index.php\/wp-json\/wp\/v2\/pages\/1625"}],"collection":[{"href":"https:\/\/smstrabzon.com\/index.php\/wp-json\/wp\/v2\/pages"}],"about":[{"href":"https:\/\/smstrabzon.com\/index.php\/wp-json\/wp\/v2\/types\/page"}],"author":[{"embeddable":true,"href":"https:\/\/smstrabzon.com\/index.php\/wp-json\/wp\/v2\/users\/1"}],"replies":[{"embeddable":true,"href":"https:\/\/smstrabzon.com\/index.php\/wp-json\/wp\/v2\/comments?post=1625"}],"version-history":[{"count":5,"href":"https:\/\/smstrabzon.com\/index.php\/wp-json\/wp\/v2\/pages\/1625\/revisions"}],"predecessor-version":[{"id":1658,"href":"https:\/\/smstrabzon.com\/index.php\/wp-json\/wp\/v2\/pages\/1625\/revisions\/1658"}],"wp:attachment":[{"href":"https:\/\/smstrabzon.com\/index.php\/wp-json\/wp\/v2\/media?parent=1625"}],"curies":[{"name":"wp","href":"https:\/\/api.w.org\/{rel}","templated":true}]}}