{"id":1626,"date":"2020-03-24T20:24:44","date_gmt":"2020-03-24T20:24:44","guid":{"rendered":"https:\/\/smstrabzon.com\/?page_id=1626"},"modified":"2020-03-24T20:41:35","modified_gmt":"2020-03-24T20:41:35","slug":"yurtdisi-fiyatlandirma","status":"publish","type":"page","link":"https:\/\/smstrabzon.com\/index.php\/yurtdisi-fiyatlandirma\/","title":{"rendered":"Yurtd\u0131\u015f\u0131 Fiyatland\u0131rma"},"content":{"rendered":"<p>[vc_row][vc_column][vc_column_text]<\/p>\n<div class=\"content\">\n<div class=\"container\">\n<div class=\"content-table content-item\">\n<table>\n<thead>\n<tr>\n<th class=\"_w50\">TAR\u0130FE<\/th>\n<th class=\"_w50\">F\u0130YAT<\/th>\n<th><\/th>\n<\/tr>\n<\/thead>\n<tbody>\n<tr>\n<td data-label=\"1. Kademe \u00dclkeler\">1. Kademe \u00dclkeler<\/td>\n<td data-label=\"12 SMS Kredisi\">12 SMS Kredisi<\/td>\n<td class=\"_t-r\"><\/td>\n<\/tr>\n<tr>\n<td data-label=\"2. Kademe \u00dclkeler\">2. Kademe \u00dclkeler<\/td>\n<td data-label=\"16 SMS Kredisi\">16 SMS Kredisi<\/td>\n<td class=\"_t-r\"><\/td>\n<\/tr>\n<tr>\n<td data-label=\"3. Kademe \u00dclkeler\">3. Kademe \u00dclkeler<\/td>\n<td data-label=\"25 SMS Kredisi\">25 SMS Kredisi<\/td>\n<td class=\"_t-r\"><\/td>\n<\/tr>\n<tr>\n<td data-label=\"4. Kademe \u00dclkeler\">4. Kademe \u00dclkeler<\/td>\n<td data-label=\"35 SMS Kredisi\">35 SMS Kredisi<\/td>\n<td class=\"_t-r\"><\/td>\n<\/tr>\n<tr>\n<td data-label=\"5. Kademe \u00dclkeler\">5. Kademe \u00dclkeler<\/td>\n<td data-label=\"50 SMS Kredisi\">50 SMS Kredisi<\/td>\n<td class=\"_t-r\"><\/td>\n<\/tr>\n<tr>\n<td data-label=\"6. Kademe \u00dclkeler\">6. Kademe \u00dclkeler<\/td>\n<td data-label=\"65 SMS Kredisi\">65 SMS Kredisi<\/td>\n<td class=\"_t-r\"><\/td>\n<\/tr>\n<\/tbody>\n<\/table>\n<\/div>\n<\/div>\n<\/div>\n<div class=\"content content-sides _ld__no-BG\">\n<div class=\"container\">\n<div class=\"content-col _t-l\">\n<article class=\"content-body color-black\">\n<p class=\"content-description\"><b>1. Kademe \u00dclkeler:<\/b>\u00a0\u00a0Kolombiya,Hindistan,Filipinler,Bahreyn,Guam,Andorra,Belarus,T\u00fcrkmenistan,Jamaika,Falkland Adalar\u0131,Belize,Cook Adalar\u0131,Mikronezya Federal Devletleri,Maldivler,Ekvator Ginesi,Gana,Birle\u015fik Arap Emirlikleri,Cebelitar\u0131k,Mali,Peru,G\u00fcney Sudan,Brunei,Kuveyt,Saint Vincent ve Grenadinler,Mozambik,Brezilya,Libya,Namibya,Lesotho,Svaziland,Panama,Tonga,L\u00fcbnan,Guyana,Pakistan,Sey\u015feller,Arjantin,\u00c7in,G\u00fcney Afrika,Norve\u00e7,Etiyopya,Kenya,Estonya,Surinam,Suudi Arabistan,Lihten\u015ftayn,\u0130zlanda,Sierra Leone,Orta Afrika Cumhuriyeti,Cibuti,Gr\u00f6nland,Moldova,Umman,Aruba,Karada\u011f,Fas,Gine-Bissau,Arnavutluk,Kosta Rika,Papua Yeni Gine,Banglade\u015f,Butan,Azerbaycan,G\u00fcrcistan,K\u0131rg\u0131zistan,Malta,Slovenya,Tunus,Gambiya,Burundi,S\u0131rbistan,H\u0131rvatistan,Haiti,Laos,Singapur,Malezya,Cezayir,Kamerun,Demokratik Kongo Cumhuriyeti,L\u00fcksemburg,\u0130rlanda,Litvanya,Bosna Hersek,Honduras,ABD,Tayland,Faroe Adalar\u0131,Liberya,Angola,Paraguay,Yunanistan,Sri Lanka,Avustralya,Japonya,\u00c7ad,Letonya,Ukrayna,Do\u011fu Timor,Trinidad ve Tobago,G\u00fcney Kore,Kanada,M\u0131s\u0131r,Bahamalar,\u015eili,Gabon,Tanzanya,Dominika,Porto,Riko,Bulgaristan,G\u00fcney K\u0131br\u0131s<\/p>\n<p><b>2. Kademe \u00dclkeler:<\/b>\u00a0Bel\u00e7ika, Romanya, \u0130ngiltere, Polonya, Meksika, K\u00fcba, Venezuela, Endonezya, Vietnam, Senagal,\u00a0S\u00e3o Tom\u00e9 ve Pr\u00edncipe,\u00a0Kongo, Sudan, Ruanda, Zimbabve, Malavi, Portekiz, Makedonya, Guatemala, El Salvador,\u00a0Guadeloupe, Ekvator, Martinique, Solomon Adalar\u0131, Fiji , Frans\u0131z Polinezyas\u0131, Makao, Kambo\u00e7ya, Tayvan, Katar, Barbados, Antigua ve Barbuda, Turks ve Caicos Adalar\u0131, Mantserrat, Saint Lucia<\/p>\n<p><b>3. Kademe \u00dclkeler:<\/b>\u00a0 Rusya, Hollanda , Fransa, \u0130spanya, Macaristan, \u0130svi\u00e7re, Avusturya, Danimarka, Myanmar, Iran, Fildi\u015fi Sahili,\u00a0Benin, Nijerya, Ye\u015fil Burun Adalar\u0131, Botsvana, Komor \/ Mayotte Tak\u0131madalar\u0131, Ermenistan, \u00c7ek Cumhuriyeti, Nikaragua, Bolivya, Frans\u0131z Guyanas\u0131, Uruguay, Hollanda Antilleri, Palau, Samoa, Hong Kong, Anguilla, Britanya Virjin Adalar\u0131, Bermuda, Dominik Cumhuriyeti, Saint Kitts ve Nevis<\/p>\n<p><b>4. Kademe \u00dclkeler:<\/b>\u00a0 \u0130talya, \u0130sve\u00e7, Almanya, Yeni Zelanda, Kazakistan, Burkina Faso, Nijer, Togo, Mauritius, Finlandiya, Monako, Slovakya, Irak, Yemen, Mogolistan, \u00d6zbekistan, Cayman Adalar\u0131, Grenada<\/p>\n<p><b>5. Kademe \u00dclkeler:<\/b>\u00a0International Networks, Moritanya, Somali, Kosova ,Uganda, Zambiya,Madagaskar, Vanuatu, Yeni Kaledonya, Tacikistan, Amerikan Samoas\u0131<\/p>\n<p><b>6. Kademe \u00dclkeler:<\/b>\u00a0 \u0130srail ,Afganistan, Gine, Reunion, \u00dcrd\u00fcn, Suriye, Madagaskar, Nepal<\/p>\n<p>* Yurt d\u0131\u015f\u0131 SMS g\u00f6nderimlerinde her 1 adet SMS, g\u00f6nderim yap\u0131lan \u00fclke hangi kademede yer al\u0131yorsa tabloda belirtilen kredi say\u0131s\u0131 kadar SMS olarak \u00fccretlendirilecektir.<\/p>\n<p>* Yurtd\u0131\u015f\u0131 g\u00f6nderimlerinde ba\u015far\u0131s\u0131z mesajlar i\u00e7in iade yoktur.<\/p>\n<p>* Kuzey K\u0131br\u0131s &#8211; KKTC Telsim (Vodafone) ve\u00a0 KKTCell (Turkcell) g\u00f6nderimleri 25 kredi ile \u00fccretlendirilmektedir.<\/p>\n<p>\u2022\u00a0Tarife Ba\u015flang\u0131\u00e7 Tarihi: 23 \u015eubat 2019<br \/>\n<b>\u2022\u00a0Fiyatlara KDV ve \u00d6\u0130V dahildir.<\/b><\/p>\n<\/article>\n<\/div>\n<\/div>\n<\/div>\n<p>[\/vc_column_text][\/vc_column][\/vc_row]<\/p>\n","protected":false},"excerpt":{"rendered":"[vc_row][vc_column][vc_column_text] TAR\u0130FE F\u0130YAT 1. Kademe \u00dclkeler 12 SMS Kredisi 2. Kademe \u00dclkeler 16 SMS Kredisi 3. Kademe \u00dclkeler 25 SMS Kredisi 4. Kademe \u00dclkeler 35 SMS Kredisi 5. Kademe \u00dclkeler 50 SMS Kredisi 6. Kademe \u00dclkeler 65 SMS Kredisi 1. Kademe \u00dclkeler:\u00a0\u00a0Kolombiya,Hindistan,Filipinler,Bahreyn,Guam,Andorra,Belarus,T\u00fcrkmenistan,Jamaika,Falkland Adalar\u0131,Belize,Cook Adalar\u0131,Mikronezya Federal Devletleri,Maldivler,Ekvator Ginesi,Gana,Birle\u015fik Arap Emirlikleri,Cebelitar\u0131k,Mali,Peru,G\u00fcney Sudan,Brunei,Kuveyt,Saint Vincent ve Grenadinler,Mozambik,Brezilya,Libya,Namibya,Lesotho,Svaziland,Panama,Tonga,L\u00fcbnan,Guyana,Pakistan,Sey\u015feller,Arjantin,\u00c7in,G\u00fcney Afrika,Norve\u00e7,Etiyopya,Kenya,Estonya,Surinam,Suudi Arabistan,Lihten\u015ftayn,\u0130zlanda,Sierra[&#8230;]","protected":false},"author":1,"featured_media":0,"parent":0,"menu_order":0,"comment_status":"closed","ping_status":"closed","template":"","meta":{"footnotes":""},"yoast_head":"<!-- This site is optimized with the Yoast SEO plugin v22.7 - https:\/\/yoast.com\/wordpress\/plugins\/seo\/ -->\n<title>Yurtd\u0131\u015f\u0131 Fiyatland\u0131rma - SMS Trabzon<\/title>\n<meta name=\"description\" content=\"G\u00f6nderdi\u011finiz ba\u015fl\u0131kl\u0131 SMS&#039;ler ortalama 5 sn. i\u00e7erisinde sorunsuz bir \u015fekilde yerine ula\u015f\u0131r. Detayl\u0131 raporlama ile g\u00f6nderilen Toplu SMS paketlerinin yerine ula\u015f\u0131p ula\u015fmad\u0131\u011f\u0131n\u0131 an\u0131nda kontrol edebilirsiniz. Yerine ula\u015fmayan,ba\u015far\u0131s\u0131z olan veya zaman a\u015f\u0131m\u0131na u\u011frayan SMS&#039;ler i\u00e7in kredi iadesi an\u0131nda yap\u0131l\u0131r.\" \/>\n<meta name=\"robots\" content=\"index, follow, max-snippet:-1, max-image-preview:large, max-video-preview:-1\" \/>\n<link rel=\"canonical\" href=\"https:\/\/smstrabzon.com\/index.php\/yurtdisi-fiyatlandirma\/\" \/>\n<meta property=\"og:locale\" content=\"tr_TR\" \/>\n<meta property=\"og:type\" content=\"article\" \/>\n<meta property=\"og:title\" content=\"Yurtd\u0131\u015f\u0131 Fiyatland\u0131rma - SMS Trabzon\" \/>\n<meta property=\"og:description\" content=\"G\u00f6nderdi\u011finiz ba\u015fl\u0131kl\u0131 SMS&#039;ler ortalama 5 sn. i\u00e7erisinde sorunsuz bir \u015fekilde yerine ula\u015f\u0131r. Detayl\u0131 raporlama ile g\u00f6nderilen Toplu SMS paketlerinin yerine ula\u015f\u0131p ula\u015fmad\u0131\u011f\u0131n\u0131 an\u0131nda kontrol edebilirsiniz. Yerine ula\u015fmayan,ba\u015far\u0131s\u0131z olan veya zaman a\u015f\u0131m\u0131na u\u011frayan SMS&#039;ler i\u00e7in kredi iadesi an\u0131nda yap\u0131l\u0131r.\" \/>\n<meta property=\"og:url\" content=\"https:\/\/smstrabzon.com\/index.php\/yurtdisi-fiyatlandirma\/\" \/>\n<meta property=\"og:site_name\" content=\"SMS Trabzon\" \/>\n<meta property=\"article:modified_time\" content=\"2020-03-24T20:41:35+00:00\" \/>\n<meta name=\"twitter:card\" content=\"summary_large_image\" \/>\n<meta name=\"twitter:label1\" content=\"Tahmini okuma s\u00fcresi\" \/>\n\t<meta name=\"twitter:data1\" content=\"2 dakika\" \/>\n<script type=\"application\/ld+json\" class=\"yoast-schema-graph\">{\"@context\":\"https:\/\/schema.org\",\"@graph\":[{\"@type\":\"WebPage\",\"@id\":\"https:\/\/smstrabzon.com\/index.php\/yurtdisi-fiyatlandirma\/\",\"url\":\"https:\/\/smstrabzon.com\/index.php\/yurtdisi-fiyatlandirma\/\",\"name\":\"Yurtd\u0131\u015f\u0131 Fiyatland\u0131rma - SMS Trabzon\",\"isPartOf\":{\"@id\":\"https:\/\/smstrabzon.com\/#website\"},\"datePublished\":\"2020-03-24T20:24:44+00:00\",\"dateModified\":\"2020-03-24T20:41:35+00:00\",\"description\":\"G\u00f6nderdi\u011finiz ba\u015fl\u0131kl\u0131 SMS'ler ortalama 5 sn. i\u00e7erisinde sorunsuz bir \u015fekilde yerine ula\u015f\u0131r. Detayl\u0131 raporlama ile g\u00f6nderilen Toplu SMS paketlerinin yerine ula\u015f\u0131p ula\u015fmad\u0131\u011f\u0131n\u0131 an\u0131nda kontrol edebilirsiniz. Yerine ula\u015fmayan,ba\u015far\u0131s\u0131z olan veya zaman a\u015f\u0131m\u0131na u\u011frayan SMS'ler i\u00e7in kredi iadesi an\u0131nda yap\u0131l\u0131r.\",\"breadcrumb\":{\"@id\":\"https:\/\/smstrabzon.com\/index.php\/yurtdisi-fiyatlandirma\/#breadcrumb\"},\"inLanguage\":\"tr\",\"potentialAction\":[{\"@type\":\"ReadAction\",\"target\":[\"https:\/\/smstrabzon.com\/index.php\/yurtdisi-fiyatlandirma\/\"]}]},{\"@type\":\"BreadcrumbList\",\"@id\":\"https:\/\/smstrabzon.com\/index.php\/yurtdisi-fiyatlandirma\/#breadcrumb\",\"itemListElement\":[{\"@type\":\"ListItem\",\"position\":1,\"name\":\"Ana sayfa\",\"item\":\"https:\/\/smstrabzon.com\/\"},{\"@type\":\"ListItem\",\"position\":2,\"name\":\"Yurtd\u0131\u015f\u0131 Fiyatland\u0131rma\"}]},{\"@type\":\"WebSite\",\"@id\":\"https:\/\/smstrabzon.com\/#website\",\"url\":\"https:\/\/smstrabzon.com\/\",\"name\":\"SMS Trabzon\",\"description\":\"Toplu SMS G\u00f6nderim Sistemi\",\"publisher\":{\"@id\":\"https:\/\/smstrabzon.com\/#organization\"},\"potentialAction\":[{\"@type\":\"SearchAction\",\"target\":{\"@type\":\"EntryPoint\",\"urlTemplate\":\"https:\/\/smstrabzon.com\/?s={search_term_string}\"},\"query-input\":\"required name=search_term_string\"}],\"inLanguage\":\"tr\"},{\"@type\":\"Organization\",\"@id\":\"https:\/\/smstrabzon.com\/#organization\",\"name\":\"SMS Trabzon\",\"url\":\"https:\/\/smstrabzon.com\/\",\"logo\":{\"@type\":\"ImageObject\",\"inLanguage\":\"tr\",\"@id\":\"https:\/\/smstrabzon.com\/#\/schema\/logo\/image\/\",\"url\":\"https:\/\/smstrabzon.com\/wp-content\/uploads\/2020\/03\/logo.png\",\"contentUrl\":\"https:\/\/smstrabzon.com\/wp-content\/uploads\/2020\/03\/logo.png\",\"width\":300,\"height\":70,\"caption\":\"SMS Trabzon\"},\"image\":{\"@id\":\"https:\/\/smstrabzon.com\/#\/schema\/logo\/image\/\"}}]}<\/script>\n<!-- \/ Yoast SEO plugin. -->","yoast_head_json":{"title":"Yurtd\u0131\u015f\u0131 Fiyatland\u0131rma - SMS Trabzon","description":"G\u00f6nderdi\u011finiz ba\u015fl\u0131kl\u0131 SMS'ler ortalama 5 sn. i\u00e7erisinde sorunsuz bir \u015fekilde yerine ula\u015f\u0131r. Detayl\u0131 raporlama ile g\u00f6nderilen Toplu SMS paketlerinin yerine ula\u015f\u0131p ula\u015fmad\u0131\u011f\u0131n\u0131 an\u0131nda kontrol edebilirsiniz. Yerine ula\u015fmayan,ba\u015far\u0131s\u0131z olan veya zaman a\u015f\u0131m\u0131na u\u011frayan SMS'ler i\u00e7in kredi iadesi an\u0131nda yap\u0131l\u0131r.","robots":{"index":"index","follow":"follow","max-snippet":"max-snippet:-1","max-image-preview":"max-image-preview:large","max-video-preview":"max-video-preview:-1"},"canonical":"https:\/\/smstrabzon.com\/index.php\/yurtdisi-fiyatlandirma\/","og_locale":"tr_TR","og_type":"article","og_title":"Yurtd\u0131\u015f\u0131 Fiyatland\u0131rma - SMS Trabzon","og_description":"G\u00f6nderdi\u011finiz ba\u015fl\u0131kl\u0131 SMS'ler ortalama 5 sn. i\u00e7erisinde sorunsuz bir \u015fekilde yerine ula\u015f\u0131r. Detayl\u0131 raporlama ile g\u00f6nderilen Toplu SMS paketlerinin yerine ula\u015f\u0131p ula\u015fmad\u0131\u011f\u0131n\u0131 an\u0131nda kontrol edebilirsiniz. Yerine ula\u015fmayan,ba\u015far\u0131s\u0131z olan veya zaman a\u015f\u0131m\u0131na u\u011frayan SMS'ler i\u00e7in kredi iadesi an\u0131nda yap\u0131l\u0131r.","og_url":"https:\/\/smstrabzon.com\/index.php\/yurtdisi-fiyatlandirma\/","og_site_name":"SMS Trabzon","article_modified_time":"2020-03-24T20:41:35+00:00","twitter_card":"summary_large_image","twitter_misc":{"Tahmini okuma s\u00fcresi":"2 dakika"},"schema":{"@context":"https:\/\/schema.org","@graph":[{"@type":"WebPage","@id":"https:\/\/smstrabzon.com\/index.php\/yurtdisi-fiyatlandirma\/","url":"https:\/\/smstrabzon.com\/index.php\/yurtdisi-fiyatlandirma\/","name":"Yurtd\u0131\u015f\u0131 Fiyatland\u0131rma - SMS Trabzon","isPartOf":{"@id":"https:\/\/smstrabzon.com\/#website"},"datePublished":"2020-03-24T20:24:44+00:00","dateModified":"2020-03-24T20:41:35+00:00","description":"G\u00f6nderdi\u011finiz ba\u015fl\u0131kl\u0131 SMS'ler ortalama 5 sn. i\u00e7erisinde sorunsuz bir \u015fekilde yerine ula\u015f\u0131r. Detayl\u0131 raporlama ile g\u00f6nderilen Toplu SMS paketlerinin yerine ula\u015f\u0131p ula\u015fmad\u0131\u011f\u0131n\u0131 an\u0131nda kontrol edebilirsiniz. Yerine ula\u015fmayan,ba\u015far\u0131s\u0131z olan veya zaman a\u015f\u0131m\u0131na u\u011frayan SMS'ler i\u00e7in kredi iadesi an\u0131nda yap\u0131l\u0131r.","breadcrumb":{"@id":"https:\/\/smstrabzon.com\/index.php\/yurtdisi-fiyatlandirma\/#breadcrumb"},"inLanguage":"tr","potentialAction":[{"@type":"ReadAction","target":["https:\/\/smstrabzon.com\/index.php\/yurtdisi-fiyatlandirma\/"]}]},{"@type":"BreadcrumbList","@id":"https:\/\/smstrabzon.com\/index.php\/yurtdisi-fiyatlandirma\/#breadcrumb","itemListElement":[{"@type":"ListItem","position":1,"name":"Ana sayfa","item":"https:\/\/smstrabzon.com\/"},{"@type":"ListItem","position":2,"name":"Yurtd\u0131\u015f\u0131 Fiyatland\u0131rma"}]},{"@type":"WebSite","@id":"https:\/\/smstrabzon.com\/#website","url":"https:\/\/smstrabzon.com\/","name":"SMS Trabzon","description":"Toplu SMS G\u00f6nderim Sistemi","publisher":{"@id":"https:\/\/smstrabzon.com\/#organization"},"potentialAction":[{"@type":"SearchAction","target":{"@type":"EntryPoint","urlTemplate":"https:\/\/smstrabzon.com\/?s={search_term_string}"},"query-input":"required name=search_term_string"}],"inLanguage":"tr"},{"@type":"Organization","@id":"https:\/\/smstrabzon.com\/#organization","name":"SMS Trabzon","url":"https:\/\/smstrabzon.com\/","logo":{"@type":"ImageObject","inLanguage":"tr","@id":"https:\/\/smstrabzon.com\/#\/schema\/logo\/image\/","url":"https:\/\/smstrabzon.com\/wp-content\/uploads\/2020\/03\/logo.png","contentUrl":"https:\/\/smstrabzon.com\/wp-content\/uploads\/2020\/03\/logo.png","width":300,"height":70,"caption":"SMS Trabzon"},"image":{"@id":"https:\/\/smstrabzon.com\/#\/schema\/logo\/image\/"}}]}},"_links":{"self":[{"href":"https:\/\/smstrabzon.com\/index.php\/wp-json\/wp\/v2\/pages\/1626"}],"collection":[{"href":"https:\/\/smstrabzon.com\/index.php\/wp-json\/wp\/v2\/pages"}],"about":[{"href":"https:\/\/smstrabzon.com\/index.php\/wp-json\/wp\/v2\/types\/page"}],"author":[{"embeddable":true,"href":"https:\/\/smstrabzon.com\/index.php\/wp-json\/wp\/v2\/users\/1"}],"replies":[{"embeddable":true,"href":"https:\/\/smstrabzon.com\/index.php\/wp-json\/wp\/v2\/comments?post=1626"}],"version-history":[{"count":2,"href":"https:\/\/smstrabzon.com\/index.php\/wp-json\/wp\/v2\/pages\/1626\/revisions"}],"predecessor-version":[{"id":1636,"href":"https:\/\/smstrabzon.com\/index.php\/wp-json\/wp\/v2\/pages\/1626\/revisions\/1636"}],"wp:attachment":[{"href":"https:\/\/smstrabzon.com\/index.php\/wp-json\/wp\/v2\/media?parent=1626"}],"curies":[{"name":"wp","href":"https:\/\/api.w.org\/{rel}","templated":true}]}}